{"id":1007,"date":"2021-03-30T07:34:46","date_gmt":"2021-03-30T05:34:46","guid":{"rendered":"https:\/\/easy-depol.com\/?page_id=1007"},"modified":"2021-03-31T13:15:01","modified_gmt":"2021-03-31T11:15:01","slug":"cookies","status":"publish","type":"page","link":"https:\/\/easy-depol.com\/index.php\/cookies\/","title":{"rendered":"Cookies"},"content":{"rendered":"<p>[et_pb_section fb_built=\u00a0\u00bb1&Prime; custom_padding_last_edited=\u00a0\u00bbon|tablet\u00a0\u00bb admin_label=\u00a0\u00bbServices\u00a0\u00bb _builder_version=\u00a0\u00bb3.22&Prime; custom_margin=\u00a0\u00bb|||\u00a0\u00bb custom_padding=\u00a0\u00bb0|0px|0|20%|false|false\u00a0\u00bb custom_padding_tablet=\u00a0\u00bb|||0%\u00a0\u00bb custom_padding_phone=\u00a0\u00bb\u00a0\u00bb][et_pb_row use_custom_gutter=\u00a0\u00bbon\u00a0\u00bb gutter_width=\u00a0\u00bb1&Prime; _builder_version=\u00a0\u00bb4.9.2&Prime; background_color=\u00a0\u00bb#f7f7f7&Prime; width=\u00a0\u00bb100%\u00a0\u00bb max_width=\u00a0\u00bb100%\u00a0\u00bb custom_margin=\u00a0\u00bb||||false\u00a0\u00bb custom_padding=\u00a0\u00bb3%|10%|3%|10%|true|true\u00a0\u00bb hover_enabled=\u00a0\u00bb0&Prime; use_custom_width=\u00a0\u00bbon\u00a0\u00bb width_unit=\u00a0\u00bboff\u00a0\u00bb custom_width_percent=\u00a0\u00bb100%\u00a0\u00bb border_radii=\u00a0\u00bbon|15px|15px|15px|15px\u00a0\u00bb sticky_enabled=\u00a0\u00bb0&Prime;][et_pb_column type=\u00a0\u00bb4_4&Prime; _builder_version=\u00a0\u00bb3.25&Prime; custom_padding=\u00a0\u00bb|||\u00a0\u00bb custom_padding__hover=\u00a0\u00bb|||\u00a0\u00bb][et_pb_text content_tablet=\u00a0\u00bb<\/p>\n<h2 style=%22text-align: left;%22>Qui sommes-nous<\/h2>\n<p>\u00a0\u00bb content_phone=\u00a0\u00bb<\/p>\n<h2 style=%22text-align: left;%22>Qui sommes-nous<\/h2>\n<p>\u00a0\u00bb content_last_edited=\u00a0\u00bbon|phone\u00a0\u00bb _builder_version=\u00a0\u00bb4.9.2&Prime; text_font=\u00a0\u00bb||||||||\u00a0\u00bb header_font=\u00a0\u00bb||||||||\u00a0\u00bb header_font_size=\u00a0\u00bb35px\u00a0\u00bb header_2_font=\u00a0\u00bbRubik|700|||||||\u00a0\u00bb header_2_font_size=\u00a0\u00bb42px\u00a0\u00bb header_2_line_height=\u00a0\u00bb1.2em\u00a0\u00bb module_alignment=\u00a0\u00bbcenter\u00a0\u00bb custom_margin=\u00a0\u00bb|||\u00a0\u00bb custom_padding=\u00a0\u00bb|||\u00a0\u00bb header_2_font_size_tablet=\u00a0\u00bb\u00a0\u00bb header_2_font_size_phone=\u00a0\u00bb36px\u00a0\u00bb header_2_font_size_last_edited=\u00a0\u00bbon|phone\u00a0\u00bb locked=\u00a0\u00bboff\u00a0\u00bb]<\/p>\n<h1><strong>Cookies<\/strong><\/h1>\n<p>[\/et_pb_text][et_pb_divider color=\u00a0\u00bb#ffb400&Prime; divider_position=\u00a0\u00bbcenter\u00a0\u00bb divider_weight=\u00a0\u00bb5px\u00a0\u00bb _builder_version=\u00a0\u00bb3.9&Prime; max_width=\u00a0\u00bb50px\u00a0\u00bb locked=\u00a0\u00bboff\u00a0\u00bb][\/et_pb_divider][et_pb_text _builder_version=\u00a0\u00bb4.9.2&Prime; text_font=\u00a0\u00bb||||||||\u00a0\u00bb text_font_size=\u00a0\u00bb15px\u00a0\u00bb text_line_height=\u00a0\u00bb1.9em\u00a0\u00bb custom_padding=\u00a0\u00bb|||\u00a0\u00bb custom_padding_tablet=\u00a0\u00bb|40px||40px||true\u00a0\u00bb custom_padding_last_edited=\u00a0\u00bboff|desktop\u00a0\u00bb locked=\u00a0\u00bboff\u00a0\u00bb]<\/p>\n<p>Un cookie est un fichier de petite taille, qui ne permet pas l\u2019identification de l\u2019utilisateur, mais qui enregistre des informations relatives \u00e0 la navigation d\u2019un ordinateur sur un site. Les donn\u00e9es ainsi obtenues visent \u00e0 faciliter la navigation ult\u00e9rieure sur le site, et ont \u00e9galement vocation \u00e0 permettre diverses mesures de fr\u00e9quentation.<\/p>\n<p>En naviguant sur le site <a href=\"http:\/\/www.easy-depol.com\">www.easy-depol.com<\/a> (\u00ab EASY DEPOL \u00bb) vous acceptez l\u2019utilisation de cookies dans les conditions d\u00e9crites ci-apr\u00e8s.<\/p>\n<p>EASY DEPOL utilise principalement les cookies suivants :<\/p>\n<ul>\n<li>Des cookies d\u2019authentification qui permettent de vous identifier en tant qu\u2019utilisateur ayant un compte et vous permettent de ne pas entrer d\u2019identification lors de votre connexion.<\/li>\n<li>Des cookies de mesure d\u2019audience qui permettent de collecter de l\u2019information de mani\u00e8re anonyme afin d\u2019optimiser le site, d\u2019am\u00e9liorer la qualit\u00e9 du site et de mesurer l\u2019audience.<\/li>\n<li>Des cookies tiers destin\u00e9s \u00e0 am\u00e9liorer l\u2019interactivit\u00e9 du site.<\/li>\n<\/ul>\n<p>N.B.: \u00c0 ce jour, les vid\u00e9os Youtube int\u00e9gr\u00e9es sur le site EASY DEPOL sont des versions sans d\u00e9p\u00f4t de cookies. Si Youtube venait \u00e0 supprimer cette option sans pr\u00e9avis, l\u2019utilisateur pourra \u00e0 tout moment reconfigurer son ordinateur selon les indications ci-dessous.<\/p>\n<p>En utilisant le Site et en cliquant sur le bouton \u00ab J\u2019ACCEPTE \u00bb, vous consentez \u00e0 ce que les cookies ci-dessus puissent \u00eatre plac\u00e9s sur votre terminal (ordinateur, tablette ou smartphone).<\/p>\n<p>Les cookies sont conserv\u00e9s pendant 13 mois \u00e0 compter de la collecte ou du premier d\u00e9p\u00f4t sur le terminal.<\/p>\n<p>Vous pouvez choisir de d\u00e9sactiver les cookies en modifiant les param\u00e8tres de votre navigateur.<\/p>\n<p>Le refus d\u2019installation d\u2019un cookie peut entra\u00eener l\u2019impossibilit\u00e9 d\u2019acc\u00e9der \u00e0 certains services. L\u2019utilisateur peut toutefois configurer son ordinateur de la mani\u00e8re suivante, pour refuser l\u2019installation des cookies :<\/p>\n<ul>\n<li>Sous Internet Explorer : onglet outil (pictogramme en forme de rouage en haut \u00e0 droite) \/ options internet. Cliquez sur Confidentialit\u00e9 et choisissez Bloquer tous les cookies. Validez sur Ok.<\/li>\n<li>Sous Firefox : en haut de la fen\u00eatre du navigateur, cliquez sur le bouton Firefox, puis aller dans l\u2019onglet Options. Cliquer sur l\u2019onglet Vie priv\u00e9e. Param\u00e9trez les R\u00e8gles de conservation sur : utiliser les param\u00e8tres personnalis\u00e9s pour l\u2019historique. Enfin d\u00e9cochez-la pour d\u00e9sactiver les cookies.<\/li>\n<li>Sous Safari : Cliquez en haut \u00e0 droite du navigateur sur le pictogramme de menu (symbolis\u00e9 par un rouage). S\u00e9lectionnez Param\u00e8tres. Cliquez sur Afficher les param\u00e8tres avanc\u00e9s. Dans la section \u00ab Confidentialit\u00e9 \u00bb, cliquez sur Param\u00e8tres de contenu. Dans la section \u00ab Cookies \u00bb, vous pouvez bloquer les cookies.<\/li>\n<li>Sous Chrome : Cliquez en haut \u00e0 droite du navigateur sur le pictogramme de menu (symbolis\u00e9 par trois lignes horizontales). S\u00e9lectionnez Param\u00e8tres. Cliquez sur Afficher les param\u00e8tres avanc\u00e9s. Dans la section \u00ab Confidentialit\u00e9 \u00bb, cliquez sur pr\u00e9f\u00e9rences. Dans l\u2019onglet \u00ab Confidentialit\u00e9 \u00bb, vous pouvez bloquer les cookies.<\/li>\n<\/ul>\n<p>Date de derni\u00e8re modification 01\/04\/2021<\/p>\n<p>[\/et_pb_text][\/et_pb_column][\/et_pb_row][\/et_pb_section]<\/p>\n","protected":false},"excerpt":{"rendered":"<p>CookiesUn cookie est un fichier de petite taille, qui ne permet pas l\u2019identification de l\u2019utilisateur, mais qui enregistre des informations relatives \u00e0 la navigation d\u2019un ordinateur sur un site. Les donn\u00e9es ainsi obtenues visent \u00e0 faciliter la navigation ult\u00e9rieure sur le site, et ont \u00e9galement vocation \u00e0 permettre diverses mesures de fr\u00e9quentation. En naviguant sur [&hellip;]<\/p>\n","protected":false},"author":1,"featured_media":0,"parent":0,"menu_order":0,"comment_status":"closed","ping_status":"closed","template":"","meta":{"_et_pb_use_builder":"on","_et_pb_old_content":"","_et_gb_content_width":"","footnotes":""},"class_list":["post-1007","page","type-page","status-publish","hentry"],"yoast_head":"<!-- This site is optimized with the Yoast SEO plugin v24.9 - https:\/\/yoast.com\/wordpress\/plugins\/seo\/ -->\n<title>Cookies - Easy Depol<\/title>\n<meta name=\"description\" content=\"Notre site internet Easy Depol utilise un syst\u00e8me de cookies. Consultez notre page &quot; Cookies &quot; pour lire nos conditions g\u00e9n\u00e9rales.\" \/>\n<meta name=\"robots\" content=\"index, follow, max-snippet:-1, max-image-preview:large, max-video-preview:-1\" \/>\n<link rel=\"canonical\" href=\"https:\/\/easy-depol.com\/index.php\/cookies\/\" \/>\n<meta property=\"og:locale\" content=\"fr_FR\" \/>\n<meta property=\"og:type\" content=\"article\" \/>\n<meta property=\"og:title\" content=\"Cookies - Easy Depol\" \/>\n<meta property=\"og:description\" content=\"Notre site internet Easy Depol utilise un syst\u00e8me de cookies. Consultez notre page &quot; Cookies &quot; pour lire nos conditions g\u00e9n\u00e9rales.\" \/>\n<meta property=\"og:url\" content=\"https:\/\/easy-depol.com\/index.php\/cookies\/\" \/>\n<meta property=\"og:site_name\" content=\"Easy Depol\" \/>\n<meta property=\"article:modified_time\" content=\"2021-03-31T11:15:01+00:00\" \/>\n<meta name=\"twitter:card\" content=\"summary_large_image\" \/>\n<meta name=\"twitter:label1\" content=\"Dur\u00e9e de lecture estim\u00e9e\" \/>\n\t<meta name=\"twitter:data1\" content=\"3 minutes\" \/>\n<script type=\"application\/ld+json\" class=\"yoast-schema-graph\">{\"@context\":\"https:\/\/schema.org\",\"@graph\":[{\"@type\":\"WebPage\",\"@id\":\"https:\/\/easy-depol.com\/index.php\/cookies\/\",\"url\":\"https:\/\/easy-depol.com\/index.php\/cookies\/\",\"name\":\"Cookies - Easy Depol\",\"isPartOf\":{\"@id\":\"https:\/\/easy-depol.com\/#website\"},\"datePublished\":\"2021-03-30T05:34:46+00:00\",\"dateModified\":\"2021-03-31T11:15:01+00:00\",\"description\":\"Notre site internet Easy Depol utilise un syst\u00e8me de cookies. Consultez notre page \\\" Cookies \\\" pour lire nos conditions g\u00e9n\u00e9rales.\",\"breadcrumb\":{\"@id\":\"https:\/\/easy-depol.com\/index.php\/cookies\/#breadcrumb\"},\"inLanguage\":\"fr-FR\",\"potentialAction\":[{\"@type\":\"ReadAction\",\"target\":[\"https:\/\/easy-depol.com\/index.php\/cookies\/\"]}]},{\"@type\":\"BreadcrumbList\",\"@id\":\"https:\/\/easy-depol.com\/index.php\/cookies\/#breadcrumb\",\"itemListElement\":[{\"@type\":\"ListItem\",\"position\":1,\"name\":\"Accueil\",\"item\":\"https:\/\/easy-depol.com\/\"},{\"@type\":\"ListItem\",\"position\":2,\"name\":\"Cookies\"}]},{\"@type\":\"WebSite\",\"@id\":\"https:\/\/easy-depol.com\/#website\",\"url\":\"https:\/\/easy-depol.com\/\",\"name\":\"Easy Depol\",\"description\":\"L&#039;ing\u00e9nierie 2.0\",\"potentialAction\":[{\"@type\":\"SearchAction\",\"target\":{\"@type\":\"EntryPoint\",\"urlTemplate\":\"https:\/\/easy-depol.com\/?s={search_term_string}\"},\"query-input\":{\"@type\":\"PropertyValueSpecification\",\"valueRequired\":true,\"valueName\":\"search_term_string\"}}],\"inLanguage\":\"fr-FR\"}]}<\/script>\n<!-- \/ Yoast SEO plugin. -->","yoast_head_json":{"title":"Cookies - Easy Depol","description":"Notre site internet Easy Depol utilise un syst\u00e8me de cookies. Consultez notre page \" Cookies \" pour lire nos conditions g\u00e9n\u00e9rales.","robots":{"index":"index","follow":"follow","max-snippet":"max-snippet:-1","max-image-preview":"max-image-preview:large","max-video-preview":"max-video-preview:-1"},"canonical":"https:\/\/easy-depol.com\/index.php\/cookies\/","og_locale":"fr_FR","og_type":"article","og_title":"Cookies - Easy Depol","og_description":"Notre site internet Easy Depol utilise un syst\u00e8me de cookies. Consultez notre page \" Cookies \" pour lire nos conditions g\u00e9n\u00e9rales.","og_url":"https:\/\/easy-depol.com\/index.php\/cookies\/","og_site_name":"Easy Depol","article_modified_time":"2021-03-31T11:15:01+00:00","twitter_card":"summary_large_image","twitter_misc":{"Dur\u00e9e de lecture estim\u00e9e":"3 minutes"},"schema":{"@context":"https:\/\/schema.org","@graph":[{"@type":"WebPage","@id":"https:\/\/easy-depol.com\/index.php\/cookies\/","url":"https:\/\/easy-depol.com\/index.php\/cookies\/","name":"Cookies - Easy Depol","isPartOf":{"@id":"https:\/\/easy-depol.com\/#website"},"datePublished":"2021-03-30T05:34:46+00:00","dateModified":"2021-03-31T11:15:01+00:00","description":"Notre site internet Easy Depol utilise un syst\u00e8me de cookies. Consultez notre page \" Cookies \" pour lire nos conditions g\u00e9n\u00e9rales.","breadcrumb":{"@id":"https:\/\/easy-depol.com\/index.php\/cookies\/#breadcrumb"},"inLanguage":"fr-FR","potentialAction":[{"@type":"ReadAction","target":["https:\/\/easy-depol.com\/index.php\/cookies\/"]}]},{"@type":"BreadcrumbList","@id":"https:\/\/easy-depol.com\/index.php\/cookies\/#breadcrumb","itemListElement":[{"@type":"ListItem","position":1,"name":"Accueil","item":"https:\/\/easy-depol.com\/"},{"@type":"ListItem","position":2,"name":"Cookies"}]},{"@type":"WebSite","@id":"https:\/\/easy-depol.com\/#website","url":"https:\/\/easy-depol.com\/","name":"Easy Depol","description":"L&#039;ing\u00e9nierie 2.0","potentialAction":[{"@type":"SearchAction","target":{"@type":"EntryPoint","urlTemplate":"https:\/\/easy-depol.com\/?s={search_term_string}"},"query-input":{"@type":"PropertyValueSpecification","valueRequired":true,"valueName":"search_term_string"}}],"inLanguage":"fr-FR"}]}},"_links":{"self":[{"href":"https:\/\/easy-depol.com\/index.php\/wp-json\/wp\/v2\/pages\/1007","targetHints":{"allow":["GET"]}}],"collection":[{"href":"https:\/\/easy-depol.com\/index.php\/wp-json\/wp\/v2\/pages"}],"about":[{"href":"https:\/\/easy-depol.com\/index.php\/wp-json\/wp\/v2\/types\/page"}],"author":[{"embeddable":true,"href":"https:\/\/easy-depol.com\/index.php\/wp-json\/wp\/v2\/users\/1"}],"replies":[{"embeddable":true,"href":"https:\/\/easy-depol.com\/index.php\/wp-json\/wp\/v2\/comments?post=1007"}],"version-history":[{"count":4,"href":"https:\/\/easy-depol.com\/index.php\/wp-json\/wp\/v2\/pages\/1007\/revisions"}],"predecessor-version":[{"id":1114,"href":"https:\/\/easy-depol.com\/index.php\/wp-json\/wp\/v2\/pages\/1007\/revisions\/1114"}],"wp:attachment":[{"href":"https:\/\/easy-depol.com\/index.php\/wp-json\/wp\/v2\/media?parent=1007"}],"curies":[{"name":"wp","href":"https:\/\/api.w.org\/{rel}","templated":true}]}}